{"id":3884,"date":"2025-12-16T12:09:49","date_gmt":"2025-12-16T12:09:49","guid":{"rendered":"https:\/\/istiklalyolu.org.tr\/?page_id=3884"},"modified":"2026-01-29T19:52:43","modified_gmt":"2026-01-29T19:52:43","slug":"antik-mezar-odasi","status":"publish","type":"page","link":"https:\/\/istiklalyolu.org.tr\/en\/antik-mezar-odasi\/","title":{"rendered":"Antik Mezar Odas\u0131"},"content":{"rendered":"\t\t<div data-elementor-type=\"wp-page\" data-elementor-id=\"3884\" class=\"elementor elementor-3884\" data-elementor-post-type=\"page\">\n\t\t\t\t<div class=\"elementor-element elementor-element-b0e2726 e-flex e-con-boxed e-con e-parent\" data-id=\"b0e2726\" data-element_type=\"container\" data-e-type=\"container\">\n\t\t\t\t\t<div class=\"e-con-inner\">\n\t\t<div class=\"elementor-element elementor-element-21b0370 e-con-full e-flex e-con e-child\" data-id=\"21b0370\" data-element_type=\"container\" data-e-type=\"container\">\n\t\t<div class=\"elementor-element elementor-element-4922e0a e-con-full e-flex e-con e-child\" data-id=\"4922e0a\" data-element_type=\"container\" data-e-type=\"container\">\n\t\t\t\t<div class=\"elementor-element elementor-element-05b0a40 elementor-widget elementor-widget-heading\" data-id=\"05b0a40\" data-element_type=\"widget\" data-e-type=\"widget\" data-widget_type=\"heading.default\">\n\t\t\t\t\t<h2 class=\"elementor-heading-title elementor-size-default\">Antik Mezar<\/h2>\t\t\t\t<\/div>\n\t\t\t\t<div class=\"elementor-element elementor-element-3523741 elementor-widget-divider--view-line elementor-widget elementor-widget-divider\" data-id=\"3523741\" data-element_type=\"widget\" data-e-type=\"widget\" data-widget_type=\"divider.default\">\n\t\t\t\t\t\t\t<div class=\"elementor-divider\">\n\t\t\t<span class=\"elementor-divider-separator\">\n\t\t\t\t\t\t<\/span>\n\t\t<\/div>\n\t\t\t\t\t\t<\/div>\n\t\t\t\t<div class=\"elementor-element elementor-element-15883ee elementor-widget elementor-widget-image\" data-id=\"15883ee\" data-element_type=\"widget\" data-e-type=\"widget\" data-widget_type=\"image.default\">\n\t\t\t\t\t\t\t\t\t\t\t\t\t\t\t\t<a href=\"https:\/\/istiklalyolu.org.tr\/wp-content\/uploads\/2026\/01\/antik-mezar-copy.webp\" data-elementor-open-lightbox=\"yes\" data-e-action-hash=\"#elementor-action%3Aaction%3Dlightbox%26settings%3DeyJpZCI6NTAzNywidXJsIjoiaHR0cHM6XC9cL2lzdGlrbGFseW9sdS5vcmcudHJcL3dwLWNvbnRlbnRcL3VwbG9hZHNcLzIwMjZcLzAxXC9hbnRpay1tZXphci1jb3B5LndlYnAifQ%3D%3D\">\n\t\t\t\t\t\t\t<img fetchpriority=\"high\" decoding=\"async\" width=\"1184\" height=\"864\" src=\"https:\/\/istiklalyolu.org.tr\/wp-content\/uploads\/2026\/01\/antik-mezar-copy.webp\" class=\"attachment-full size-full wp-image-5037\" alt=\"\" srcset=\"https:\/\/istiklalyolu.org.tr\/wp-content\/uploads\/2026\/01\/antik-mezar-copy.webp 1184w, https:\/\/istiklalyolu.org.tr\/wp-content\/uploads\/2026\/01\/antik-mezar-copy-300x219.webp 300w, https:\/\/istiklalyolu.org.tr\/wp-content\/uploads\/2026\/01\/antik-mezar-copy-1024x747.webp 1024w, https:\/\/istiklalyolu.org.tr\/wp-content\/uploads\/2026\/01\/antik-mezar-copy-768x560.webp 768w, https:\/\/istiklalyolu.org.tr\/wp-content\/uploads\/2026\/01\/antik-mezar-copy-16x12.webp 16w, https:\/\/istiklalyolu.org.tr\/wp-content\/uploads\/2026\/01\/antik-mezar-copy-500x365.webp 500w\" sizes=\"(max-width: 1184px) 100vw, 1184px\" \/>\t\t\t\t\t\t\t\t<\/a>\n\t\t\t\t\t\t\t\t\t\t\t\t\t\t\t<\/div>\n\t\t<div class=\"elementor-element elementor-element-611a232 e-con-full e-flex e-con e-child\" data-id=\"611a232\" data-element_type=\"container\" data-e-type=\"container\">\n\t\t<div class=\"elementor-element elementor-element-b693843 e-con-full e-flex e-con e-child\" data-id=\"b693843\" data-element_type=\"container\" data-e-type=\"container\" data-settings=\"{&quot;background_background&quot;:&quot;classic&quot;}\">\n\t\t<div class=\"elementor-element elementor-element-efba01d e-con-full e-flex e-con e-child\" data-id=\"efba01d\" data-element_type=\"container\" data-e-type=\"container\" data-settings=\"{&quot;background_background&quot;:&quot;classic&quot;}\">\n\t\t\t\t<div class=\"elementor-element elementor-element-e34b8c6 elementor-widget elementor-widget-image\" data-id=\"e34b8c6\" data-element_type=\"widget\" data-e-type=\"widget\" data-widget_type=\"image.default\">\n\t\t\t\t\t\t\t\t\t\t\t\t\t\t\t<img decoding=\"async\" src=\"https:\/\/istiklalyolu.org.tr\/wp-content\/uploads\/elementor\/thumbs\/audio-01-01-qzul746gwxhrhffokhqysqph1hbg8ci7cjq2xy7z86.webp\" title=\"audio-01-01\" alt=\"audio-01-01\" loading=\"lazy\" \/>\t\t\t\t\t\t\t\t\t\t\t\t\t\t\t<\/div>\n\t\t\t\t<\/div>\n\t\t<div class=\"elementor-element elementor-element-6084295 e-con-full e-flex e-con e-child\" data-id=\"6084295\" data-element_type=\"container\" data-e-type=\"container\" data-settings=\"{&quot;background_background&quot;:&quot;classic&quot;}\">\n\t\t\t\t<div class=\"elementor-element elementor-element-b853288 elementor-widget elementor-widget-mdp-audier-elementor\" data-id=\"b853288\" data-element_type=\"widget\" data-e-type=\"widget\" data-widget_type=\"mdp-audier-elementor.default\">\n\t\t\t\t<div class=\"elementor-widget-container\">\n\t\t\t\t\t<style>.elementor-element-b853288{display:none !important}<\/style>\t\t\t\t<\/div>\n\t\t\t\t<\/div>\n\t\t\t\t<div class=\"elementor-element elementor-element-7271864 elementor-widget elementor-widget-mdp-audier-elementor\" data-id=\"7271864\" data-element_type=\"widget\" data-e-type=\"widget\" data-widget_type=\"mdp-audier-elementor.default\">\n\t\t\t\t<div class=\"elementor-widget-container\">\n\t\t\t\t\t<!-- Start Audier for Elementor WordPress Plugin -->\n                    <div \n                        class=\"mdp-audier-elementor-box mdp-audier-elementor-not-playlist\"\n                        data-controls=\"[&quot;playpause&quot;,&quot;progress&quot;,&quot;duration&quot;]\"\n                        data-player-bool-settings=\"{&quot;enableKeyboard&quot;:&quot;yes&quot;,&quot;hideVolumeOnTouchDevices&quot;:&quot;yes&quot;,&quot;loop&quot;:&quot;no&quot;,&quot;pauseOtherPlayers&quot;:&quot;no&quot;}\"\n                        data-player-settings=\"{&quot;startVolume&quot;:0.8}\"\n                        data-source=\"external\"\n                        data-shuffle-by-default=\"\"\n                    ><div class=\"mdp-audier-elementor-audio-wrapper\">\n                        <audio  width=\"100%\" >\n                            <source src=\"https:\/\/travelinfo.com.tr\/sesler\/\" type=\"audio\/mp3\">\n                        <\/audio>\n                    <\/div><\/div>\n                   <!-- End Audier for Elementor WordPress Plugin -->\t\t\t\t<\/div>\n\t\t\t\t<\/div>\n\t\t\t\t<\/div>\n\t\t\t\t<\/div>\n\t\t\t\t<\/div>\n\t\t<div class=\"elementor-element elementor-element-c8d7105 e-con-full e-flex e-con e-child\" data-id=\"c8d7105\" data-element_type=\"container\" data-e-type=\"container\">\n\t\t\t\t<div class=\"elementor-element elementor-element-d909b1e elementor-widget elementor-widget-gallery\" data-id=\"d909b1e\" data-element_type=\"widget\" data-e-type=\"widget\" data-settings=\"{&quot;aspect_ratio&quot;:&quot;1:1&quot;,&quot;columns&quot;:3,&quot;image_hover_animation&quot;:&quot;grow&quot;,&quot;columns_mobile&quot;:3,&quot;lazyload&quot;:&quot;yes&quot;,&quot;gallery_layout&quot;:&quot;grid&quot;,&quot;columns_tablet&quot;:2,&quot;gap&quot;:{&quot;unit&quot;:&quot;px&quot;,&quot;size&quot;:10,&quot;sizes&quot;:[]},&quot;gap_tablet&quot;:{&quot;unit&quot;:&quot;px&quot;,&quot;size&quot;:10,&quot;sizes&quot;:[]},&quot;gap_mobile&quot;:{&quot;unit&quot;:&quot;px&quot;,&quot;size&quot;:10,&quot;sizes&quot;:[]},&quot;link_to&quot;:&quot;file&quot;,&quot;content_hover_animation&quot;:&quot;fade-in&quot;}\" data-widget_type=\"gallery.default\">\n\t\t\t\t\t\t\t<div class=\"elementor-gallery__container\">\r\n\t\t\t\t\t\t\t<a class=\"e-gallery-item elementor-gallery-item elementor-animated-content\" href=\"https:\/\/istiklalyolu.org.tr\/wp-content\/uploads\/2026\/01\/antik-mezar-3.webp\">\r\n\t\t\t\t\t<div class=\"e-gallery-image elementor-gallery-item__image\" data-thumbnail=\"https:\/\/istiklalyolu.org.tr\/wp-content\/uploads\/2026\/01\/antik-mezar-3.webp\" data-width=\"1184\" data-height=\"864\" aria-label=\"\" role=\"img\" ><\/div>\r\n\t\t\t\t\t\t\t\t\t\t\t\t\t\t<\/a>\r\n\t\t\t\t\t\t\t<a class=\"e-gallery-item elementor-gallery-item elementor-animated-content\" href=\"https:\/\/istiklalyolu.org.tr\/wp-content\/uploads\/2026\/01\/antik-mezar-2.webp\">\r\n\t\t\t\t\t<div class=\"e-gallery-image elementor-gallery-item__image\" data-thumbnail=\"https:\/\/istiklalyolu.org.tr\/wp-content\/uploads\/2026\/01\/antik-mezar-2.webp\" data-width=\"1184\" data-height=\"864\" aria-label=\"\" role=\"img\" ><\/div>\r\n\t\t\t\t\t\t\t\t\t\t\t\t\t\t<\/a>\r\n\t\t\t\t\t\t\t<a class=\"e-gallery-item elementor-gallery-item elementor-animated-content\" href=\"https:\/\/istiklalyolu.org.tr\/wp-content\/uploads\/2026\/01\/antik-mezar-4.webp\">\r\n\t\t\t\t\t<div class=\"e-gallery-image elementor-gallery-item__image\" data-thumbnail=\"https:\/\/istiklalyolu.org.tr\/wp-content\/uploads\/2026\/01\/antik-mezar-4.webp\" data-width=\"1344\" data-height=\"768\" aria-label=\"\" role=\"img\" ><\/div>\r\n\t\t\t\t\t\t\t\t\t\t\t\t\t\t<\/a>\r\n\t\t\t\t\t<\/div>\r\n\t\t\t\t\t<\/div>\n\t\t\t\t<\/div>\n\t\t\t\t<\/div>\n\t\t\t\t<\/div>\n\t\t<div class=\"elementor-element elementor-element-f8375d0 e-con-full e-flex e-con e-child\" data-id=\"f8375d0\" data-element_type=\"container\" data-e-type=\"container\">\n\t\t\t\t<div class=\"elementor-element elementor-element-a68b891 elementor-widget elementor-widget-text-editor\" data-id=\"a68b891\" data-element_type=\"widget\" data-e-type=\"widget\" data-widget_type=\"text-editor.default\">\n\t\t\t\t\t\t\t\t\t<p>Avara Mahallesi \u00fcst\u00fcnde, Dikili mevkisinde yer alan b\u00f6lge, Bat\u0131 Karadeniz\u2019in antik \u00f6l\u00fc g\u00f6mme geleneklerini yans\u0131tan etkileyici bir mezar kompleksine ev sahipli\u011fi yapmakta.<\/p>\n<p>Kompleks, ana kayan\u0131n oyulmas\u0131 ve kayrak ta\u015flar\u0131n\u0131n titizlikle \u00f6r\u00fclmesiyle olu\u015fturulmu\u015f ve toplam yedi adet mezar odas\u0131 i\u00e7eriyor. Mezarlar\u0131n \u00f6n k\u0131sm\u0131nda kare planl\u0131 bir \u00f6n oda bulunmakta; odalar\u0131n \u00fczeri ise devasa ta\u015f bloklar ve yo\u011fun bir toprak dolgu ile \u00f6rt\u00fclm\u00fc\u015f durumda.<\/p>\n<p>Bu kompleks, b\u00f6lgenin tarihsel \u00f6neminin a\u00e7\u0131k bir ispat\u0131 durumunda. Kastamonu \u00dcniversitesi Arkeoloji B\u00f6l\u00fcm\u00fc taraf\u0131ndan 2022 y\u0131l\u0131nda yap\u0131lan y\u00fczey ara\u015ft\u0131rmalar\u0131 sonras\u0131 tescil edilerek resmen &#8220;Sit Alan\u0131&#8221; stat\u00fcs\u00fcne kavu\u015fturulan b\u00f6lge, detayl\u0131 ara\u015ft\u0131rmalar\u0131n yap\u0131laca\u011f\u0131 g\u00fcn\u00fc umutla bekliyor.<\/p>\n<p>Ancak b\u00f6lge tescilli sit alan\u0131 olmas\u0131na ra\u011fmen, bu mezar kompleksinin do\u011fu taraf\u0131ndan Kuzey Bat\u0131ya do\u011fru varl\u0131\u011f\u0131n\u0131 g\u00fcn\u00fcm\u00fcze kadar korumay\u0131 ba\u015farm\u0131\u015f bulunan yakla\u015f\u0131k 250 metrelik antik yol ve sa\u011f yan\u0131nda b\u00fcy\u00fck oranda ayakta kalm\u0131\u015f olan tarihi duvar, 2023 y\u0131l\u0131nda i\u015f makinesi ile yol a\u00e7\u0131larak yok edilmi\u015f bulunuyor. Umar\u0131z b\u00f6lgede daha fazla kay\u0131p olu\u015fmadan, gerekli koruma sa\u011flan\u0131r ve bir an \u00f6nce fiziksel \u00e7al\u0131\u015fmalar ba\u015flat\u0131l\u0131r.<\/p>\n<p>L\u00fctfen sizler de b\u00f6lgeyi gezerken, arkeolojik, tarihsel eser ve izlere hassasiyet g\u00f6sterin ve \u015fahit oldu\u011funuz olumsuzlar\u0131 mutlaka yetkililere bildirin.<\/p>\n<p>Kastamonu Arkeoloji M\u00fczesi M\u00fcd\u00fcrl\u00fc\u011f\u00fc: 0 366 214 10 70<\/p>\t\t\t\t\t\t\t\t<\/div>\n\t\t\t\t<div class=\"elementor-element elementor-element-b21618e elementor-widget elementor-widget-button\" data-id=\"b21618e\" data-element_type=\"widget\" data-e-type=\"widget\" data-widget_type=\"button.default\">\n\t\t\t\t\t\t\t\t\t\t<a class=\"elementor-button elementor-button-link elementor-size-sm\" href=\"https:\/\/maps.app.goo.gl\/xPaXvz7HPaWAYxwR6\" target=\"_blank\">\n\t\t\t\t\t\t<span class=\"elementor-button-content-wrapper\">\n\t\t\t\t\t\t\t\t\t<span class=\"elementor-button-text\">Konuma Git &gt;&gt;<\/span>\n\t\t\t\t\t<\/span>\n\t\t\t\t\t<\/a>\n\t\t\t\t\t\t\t\t<\/div>\n\t\t\t\t<\/div>\n\t\t<div class=\"elementor-element elementor-element-1aaa5f3 e-con-full e-flex e-con e-child\" data-id=\"1aaa5f3\" data-element_type=\"container\" data-e-type=\"container\">\n\t\t\t\t<\/div>\n\t\t\t\t\t<\/div>\n\t\t\t\t<\/div>\n\t\t\t\t<\/div>\n\t\t","protected":false},"excerpt":{"rendered":"<p>Antik Mezar Avara Mahallesi \u00fcst\u00fcnde, Dikili mevkisinde yer alan b\u00f6lge, Bat\u0131 Karadeniz\u2019in antik \u00f6l\u00fc g\u00f6mme geleneklerini yans\u0131tan etkileyici bir mezar kompleksine ev sahipli\u011fi yapmakta. Kompleks, ana kayan\u0131n oyulmas\u0131 ve kayrak ta\u015flar\u0131n\u0131n titizlikle \u00f6r\u00fclmesiyle olu\u015fturulmu\u015f ve toplam yedi adet mezar odas\u0131 i\u00e7eriyor. Mezarlar\u0131n \u00f6n k\u0131sm\u0131nda kare planl\u0131 bir \u00f6n oda bulunmakta; odalar\u0131n \u00fczeri ise devasa ta\u015f [&hellip;]<\/p>\n","protected":false},"author":1,"featured_media":635,"parent":0,"menu_order":0,"comment_status":"closed","ping_status":"closed","template":"elementor_header_footer","meta":{"_acf_changed":false,"_glsr_average":0,"_glsr_ranking":0,"_glsr_reviews":0,"footnotes":""},"categories":[26],"tags":[],"class_list":["post-3884","page","type-page","status-publish","has-post-thumbnail","hentry","category-tarihi-yerler"],"acf":[],"_links":{"self":[{"href":"https:\/\/istiklalyolu.org.tr\/en\/wp-json\/wp\/v2\/pages\/3884","targetHints":{"allow":["GET"]}}],"collection":[{"href":"https:\/\/istiklalyolu.org.tr\/en\/wp-json\/wp\/v2\/pages"}],"about":[{"href":"https:\/\/istiklalyolu.org.tr\/en\/wp-json\/wp\/v2\/types\/page"}],"author":[{"embeddable":true,"href":"https:\/\/istiklalyolu.org.tr\/en\/wp-json\/wp\/v2\/users\/1"}],"replies":[{"embeddable":true,"href":"https:\/\/istiklalyolu.org.tr\/en\/wp-json\/wp\/v2\/comments?post=3884"}],"version-history":[{"count":199,"href":"https:\/\/istiklalyolu.org.tr\/en\/wp-json\/wp\/v2\/pages\/3884\/revisions"}],"predecessor-version":[{"id":5220,"href":"https:\/\/istiklalyolu.org.tr\/en\/wp-json\/wp\/v2\/pages\/3884\/revisions\/5220"}],"wp:featuredmedia":[{"embeddable":true,"href":"https:\/\/istiklalyolu.org.tr\/en\/wp-json\/wp\/v2\/media\/635"}],"wp:attachment":[{"href":"https:\/\/istiklalyolu.org.tr\/en\/wp-json\/wp\/v2\/media?parent=3884"}],"wp:term":[{"taxonomy":"category","embeddable":true,"href":"https:\/\/istiklalyolu.org.tr\/en\/wp-json\/wp\/v2\/categories?post=3884"},{"taxonomy":"post_tag","embeddable":true,"href":"https:\/\/istiklalyolu.org.tr\/en\/wp-json\/wp\/v2\/tags?post=3884"}],"curies":[{"name":"wp","href":"https:\/\/api.w.org\/{rel}","templated":true}]}}